{"id":16073,"date":"2024-11-27T17:01:19","date_gmt":"2024-11-27T17:01:19","guid":{"rendered":"https:\/\/www.stoamsaas.com\/?page_id=16073"},"modified":"2024-12-12T12:18:59","modified_gmt":"2024-12-12T12:18:59","slug":"aviso-legal","status":"publish","type":"page","link":"https:\/\/www.stoamsaas.com\/es\/aviso-legal\/","title":{"rendered":"Aviso Legal"},"content":{"rendered":"\t\t<div data-elementor-type=\"wp-page\" data-elementor-id=\"16073\" class=\"elementor elementor-16073\" data-elementor-post-type=\"page\">\n\t\t\t\t<div class=\"elementor-element elementor-element-7f961b7f e-con-full e-flex e-con e-parent\" data-id=\"7f961b7f\" data-element_type=\"container\" data-e-type=\"container\">\n\t\t\t\t<div class=\"elementor-element elementor-element-5355587 elementor-widget elementor-widget-spacer\" data-id=\"5355587\" data-element_type=\"widget\" data-e-type=\"widget\" data-widget_type=\"spacer.default\">\n\t\t\t\t<div class=\"elementor-widget-container\">\n\t\t\t\t\t\t\t<div class=\"elementor-spacer\">\n\t\t\t<div class=\"elementor-spacer-inner\"><\/div>\n\t\t<\/div>\n\t\t\t\t\t\t<\/div>\n\t\t\t\t<\/div>\n\t\t\t\t<div class=\"elementor-element elementor-element-7bfde080 elementor-widget elementor-widget-heading\" data-id=\"7bfde080\" data-element_type=\"widget\" data-e-type=\"widget\" data-widget_type=\"heading.default\">\n\t\t\t\t<div class=\"elementor-widget-container\">\n\t\t\t\t\t<h1 id='aviso-legal'  id=\"boomdevs_1\" class=\"elementor-heading-title elementor-size-default\">Aviso Legal<\/h1>\t\t\t\t<\/div>\n\t\t\t\t<\/div>\n\t\t\t\t<div class=\"elementor-element elementor-element-6cfa27d elementor-widget elementor-widget-text-editor\" data-id=\"6cfa27d\" data-element_type=\"widget\" data-e-type=\"widget\" data-widget_type=\"text-editor.default\">\n\t\t\t\t<div class=\"elementor-widget-container\">\n\t\t\t\t\t\t\t\t\t<h2 id='informaci\u00f3n-general'  id=\"boomdevs_2\">Informaci\u00f3n General<\/h2><p>En cumplimiento con la Ley 34\/2002, de 11 de julio, de Servicios de la Sociedad de la Informaci\u00f3n y de Comercio Electr\u00f3nico (LSSI-CE), te informamos que el titular del sitio web <strong><a href=\"http:\/\/www.stoamsaas.com\" target=\"_new\" rel=\"noopener\">www.stoamsaas.com<\/a><\/strong> es <strong>Tres elles ideas 2008, S.L.U.<\/strong>, con NIF <strong>B-64972557<\/strong>, y domicilio social en <strong>Calle Agricultura 24 (local), 08320 Masnou, Barcelona, Espa\u00f1a<\/strong>.<\/p><p>Puedes contactarnos por correo electr\u00f3nico a la siguiente direcci\u00f3n: <strong><a rel=\"noopener\">info@stoamsaas.com<\/a><\/strong><\/p><h2 id=''  id=\"boomdevs_3\">\u00a0<\/h2><h2 id='propiedad-intelectual'  id=\"boomdevs_4\">Propiedad Intelectual<\/h2><p>Los contenidos del sitio web <strong><a href=\"http:\/\/www.stoamsaas.com\" target=\"_new\" rel=\"noopener\">www.stoamsaas.com<\/a><\/strong> (incluyendo, sin limitaci\u00f3n, textos, im\u00e1genes, logos, gr\u00e1ficos, iconos, sonidos, software y cualquier otro material) son propiedad de <strong>Tres elles ideas 2008, S.L.U.<\/strong> o de sus licenciantes, y est\u00e1n protegidos por la legislaci\u00f3n espa\u00f1ola e internacional sobre propiedad intelectual.<\/p><p>El acceso a los contenidos de esta p\u00e1gina web no otorga a los usuarios ning\u00fan derecho sobre los mismos, ni puede entenderse que el acceso o uso de la web implique una cesi\u00f3n de derechos de propiedad intelectual.<\/p><h2 id='-1'  id=\"boomdevs_5\">\u00a0<\/h2><h2 id='responsabilidad'  id=\"boomdevs_6\">Responsabilidad<\/h2><p><strong>Tres elles ideas 2008, S.L.U.<\/strong> se esfuerza por ofrecer la informaci\u00f3n contenida en el sitio web de manera veraz y actualizada. Sin embargo, no garantiza la exactitud, integridad, actualidad o fiabilidad de los contenidos y servicios proporcionados, ni se responsabiliza de los da\u00f1os derivados de la utilizaci\u00f3n de los mismos.<\/p><p>El acceso y uso del sitio web son bajo la responsabilidad del usuario. <strong>Tres elles ideas 2008, S.L.U.<\/strong> no se responsabiliza de los da\u00f1os o perjuicios que pudieran derivarse del uso del sitio web o de los servicios y contenidos del mismo.<\/p><p><strong>StoamSaaS<\/strong> no garantiza que el acceso al sitio web y su funcionamiento sean continuos o est\u00e9n libres de errores, ni que los mismos se encuentren libres de virus u otros elementos que puedan afectar negativamente a los sistemas inform\u00e1ticos.<\/p><h2 id='-2'  id=\"boomdevs_7\">\u00a0<\/h2><h2 id='enlaces-a-otros-sitios-web'  id=\"boomdevs_8\">Enlaces a Otros Sitios Web<\/h2><p>El sitio web puede contener enlaces a otros sitios web. Estos enlaces se proporcionan \u00fanicamente para conveniencia del usuario, sin que <strong>Tres elles ideas 2008, S.L.U.<\/strong> tenga control sobre los contenidos de dichos sitios web. Por lo tanto, no se hace responsable de los contenidos, pol\u00edticas de privacidad o pr\u00e1cticas de sitios web de terceros.<\/p><h2 id='-3'  id=\"boomdevs_9\">\u00a0<\/h2><h2 id='protecci\u00f3n-de-datos'  id=\"boomdevs_10\">Protecci\u00f3n de Datos<\/h2><p><strong>Tres elles ideas 2008, S.L.U.<\/strong> est\u00e1 comprometido con la protecci\u00f3n de la privacidad de los usuarios. El tratamiento de los datos personales se lleva a cabo de acuerdo con la normativa vigente, incluyendo el Reglamento General de Protecci\u00f3n de Datos (RGPD) de la Uni\u00f3n Europea y la Ley Org\u00e1nica 3\/2018, de 5 de diciembre, de Protecci\u00f3n de Datos Personales y garant\u00eda de los derechos digitales (LOPDGDD).<\/p><p>Puedes consultar nuestra <a href=\"https:\/\/www.stoamsaas.com\/es\/privacidad\/\"><strong>Pol\u00edtica de Privacidad<\/strong><\/a> para obtener m\u00e1s informaci\u00f3n sobre c\u00f3mo tratamos tus datos personales y los derechos que tienes sobre ellos.<\/p><h2 id='-4'  id=\"boomdevs_11\">\u00a0<\/h2><h2 id='modificaci\u00f3n-del-aviso-legal'  id=\"boomdevs_12\">Modificaci\u00f3n del Aviso Legal<\/h2><p><strong>Tres elles ideas 200<\/strong><strong>8, S.L.U.<\/strong> se reserva el derecho de modificar este Aviso Legal en cualquier momento, publicando las modificaciones en el sitio web. Se recomienda al usuario revisar peri\u00f3dicamente este Aviso Legal para estar informado de las actualizaciones que puedan producirse.<\/p><h2 id='-5'  id=\"boomdevs_13\">\u00a0<\/h2><h2 id='legislaci\u00f3n-aplicable-y-jurisdicci\u00f3n'  id=\"boomdevs_14\">Legislaci\u00f3n Aplicable y Jurisdicci\u00f3n<\/h2><p>Este Aviso Legal se regir\u00e1 e interpretar\u00e1 conforme a la legislaci\u00f3n espa\u00f1ola. Cualquier conflicto que pueda surgir en relaci\u00f3n con el uso del sitio web ser\u00e1 resuelto ante los tribunales competentes de Barcelona, Espa\u00f1a.<\/p>\t\t\t\t\t\t\t\t<\/div>\n\t\t\t\t<\/div>\n\t\t\t\t<\/div>\n\t\t\t\t<\/div>\n\t\t","protected":false},"excerpt":{"rendered":"<p>Aviso Legal Informaci\u00f3n General En cumplimiento con la Ley 34\/2002, de 11 de julio, de Servicios de la Sociedad de la Informaci\u00f3n y de Comercio Electr\u00f3nico (LSSI-CE), te informamos que el titular del sitio web www.stoamsaas.com es Tres elles ideas 2008, S.L.U., con NIF B-64972557, y domicilio social en Calle Agricultura 24 (local), 08320 Masnou, [&hellip;]<\/p>\n","protected":false},"author":8,"featured_media":0,"parent":0,"menu_order":0,"comment_status":"closed","ping_status":"closed","template":"elementor_header_footer","meta":{"footnotes":""},"class_list":["post-16073","page","type-page","status-publish","hentry"],"yoast_head":"<!-- This site is optimized with the Yoast SEO plugin v27.2 - https:\/\/yoast.com\/product\/yoast-seo-wordpress\/ -->\n<title>Aviso Legal - Stoam Saas<\/title>\n<meta name=\"robots\" content=\"noindex, follow\" \/>\n<meta property=\"og:locale\" content=\"es_ES\" \/>\n<meta property=\"og:type\" content=\"article\" \/>\n<meta property=\"og:title\" content=\"Aviso Legal - Stoam Saas\" \/>\n<meta property=\"og:description\" content=\"Aviso Legal Informaci\u00f3n General En cumplimiento con la Ley 34\/2002, de 11 de julio, de Servicios de la Sociedad de la Informaci\u00f3n y de Comercio Electr\u00f3nico (LSSI-CE), te informamos que el titular del sitio web www.stoamsaas.com es Tres elles ideas 2008, S.L.U., con NIF B-64972557, y domicilio social en Calle Agricultura 24 (local), 08320 Masnou, [&hellip;]\" \/>\n<meta property=\"og:url\" content=\"https:\/\/www.stoamsaas.com\/es\/aviso-legal\/\" \/>\n<meta property=\"og:site_name\" content=\"Stoam Saas\" \/>\n<meta property=\"article:publisher\" content=\"https:\/\/www.facebook.com\/stoamsaas\" \/>\n<meta property=\"article:modified_time\" content=\"2024-12-12T12:18:59+00:00\" \/>\n<meta name=\"twitter:card\" content=\"summary_large_image\" \/>\n<meta name=\"twitter:label1\" content=\"Tiempo de lectura\" \/>\n\t<meta name=\"twitter:data1\" content=\"3 minutos\" \/>\n<script type=\"application\/ld+json\" class=\"yoast-schema-graph\">{\"@context\":\"https:\/\/schema.org\",\"@graph\":[{\"@type\":\"WebPage\",\"@id\":\"https:\/\/www.stoamsaas.com\/es\/aviso-legal\/\",\"url\":\"https:\/\/www.stoamsaas.com\/es\/aviso-legal\/\",\"name\":\"Aviso Legal - Stoam Saas\",\"isPartOf\":{\"@id\":\"https:\/\/www.stoamsaas.com\/es\/#website\"},\"datePublished\":\"2024-11-27T17:01:19+00:00\",\"dateModified\":\"2024-12-12T12:18:59+00:00\",\"breadcrumb\":{\"@id\":\"https:\/\/www.stoamsaas.com\/es\/aviso-legal\/#breadcrumb\"},\"inLanguage\":\"es\",\"potentialAction\":[{\"@type\":\"ReadAction\",\"target\":[\"https:\/\/www.stoamsaas.com\/es\/aviso-legal\/\"]}]},{\"@type\":\"BreadcrumbList\",\"@id\":\"https:\/\/www.stoamsaas.com\/es\/aviso-legal\/#breadcrumb\",\"itemListElement\":[{\"@type\":\"ListItem\",\"position\":1,\"name\":\"Home\",\"item\":\"https:\/\/www.stoamsaas.com\/es\/\"},{\"@type\":\"ListItem\",\"position\":2,\"name\":\"Aviso Legal\"}]},{\"@type\":\"WebSite\",\"@id\":\"https:\/\/www.stoamsaas.com\/es\/#website\",\"url\":\"https:\/\/www.stoamsaas.com\/es\/\",\"name\":\"Stoam Saas B2B\",\"description\":\"Nuestra soluci\u00f3n transforma tu ERP en un poderoso portal de comercio electr\u00f3nico B2B.\",\"publisher\":{\"@id\":\"https:\/\/www.stoamsaas.com\/es\/#organization\"},\"potentialAction\":[{\"@type\":\"SearchAction\",\"target\":{\"@type\":\"EntryPoint\",\"urlTemplate\":\"https:\/\/www.stoamsaas.com\/es\/?s={search_term_string}\"},\"query-input\":{\"@type\":\"PropertyValueSpecification\",\"valueRequired\":true,\"valueName\":\"search_term_string\"}}],\"inLanguage\":\"es\"},{\"@type\":\"Organization\",\"@id\":\"https:\/\/www.stoamsaas.com\/es\/#organization\",\"name\":\"Stoam Saas B2B\",\"url\":\"https:\/\/www.stoamsaas.com\/es\/\",\"logo\":{\"@type\":\"ImageObject\",\"inLanguage\":\"es\",\"@id\":\"https:\/\/www.stoamsaas.com\/es\/#\/schema\/logo\/image\/\",\"url\":\"https:\/\/www.stoamsaas.com\/wp-content\/uploads\/2024\/01\/stoam-saas-logo.png\",\"contentUrl\":\"https:\/\/www.stoamsaas.com\/wp-content\/uploads\/2024\/01\/stoam-saas-logo.png\",\"width\":636,\"height\":115,\"caption\":\"Stoam Saas B2B\"},\"image\":{\"@id\":\"https:\/\/www.stoamsaas.com\/es\/#\/schema\/logo\/image\/\"},\"sameAs\":[\"https:\/\/www.facebook.com\/stoamsaas\",\"https:\/\/www.instagram.com\/stoamsaas\",\"https:\/\/www.linkedin.com\/company\/stoam-saas\"]}]}<\/script>\n<!-- \/ Yoast SEO plugin. -->","yoast_head_json":{"title":"Aviso Legal - Stoam Saas","robots":{"index":"noindex","follow":"follow"},"og_locale":"es_ES","og_type":"article","og_title":"Aviso Legal - Stoam Saas","og_description":"Aviso Legal Informaci\u00f3n General En cumplimiento con la Ley 34\/2002, de 11 de julio, de Servicios de la Sociedad de la Informaci\u00f3n y de Comercio Electr\u00f3nico (LSSI-CE), te informamos que el titular del sitio web www.stoamsaas.com es Tres elles ideas 2008, S.L.U., con NIF B-64972557, y domicilio social en Calle Agricultura 24 (local), 08320 Masnou, [&hellip;]","og_url":"https:\/\/www.stoamsaas.com\/es\/aviso-legal\/","og_site_name":"Stoam Saas","article_publisher":"https:\/\/www.facebook.com\/stoamsaas","article_modified_time":"2024-12-12T12:18:59+00:00","twitter_card":"summary_large_image","twitter_misc":{"Tiempo de lectura":"3 minutos"},"schema":{"@context":"https:\/\/schema.org","@graph":[{"@type":"WebPage","@id":"https:\/\/www.stoamsaas.com\/es\/aviso-legal\/","url":"https:\/\/www.stoamsaas.com\/es\/aviso-legal\/","name":"Aviso Legal - Stoam Saas","isPartOf":{"@id":"https:\/\/www.stoamsaas.com\/es\/#website"},"datePublished":"2024-11-27T17:01:19+00:00","dateModified":"2024-12-12T12:18:59+00:00","breadcrumb":{"@id":"https:\/\/www.stoamsaas.com\/es\/aviso-legal\/#breadcrumb"},"inLanguage":"es","potentialAction":[{"@type":"ReadAction","target":["https:\/\/www.stoamsaas.com\/es\/aviso-legal\/"]}]},{"@type":"BreadcrumbList","@id":"https:\/\/www.stoamsaas.com\/es\/aviso-legal\/#breadcrumb","itemListElement":[{"@type":"ListItem","position":1,"name":"Home","item":"https:\/\/www.stoamsaas.com\/es\/"},{"@type":"ListItem","position":2,"name":"Aviso Legal"}]},{"@type":"WebSite","@id":"https:\/\/www.stoamsaas.com\/es\/#website","url":"https:\/\/www.stoamsaas.com\/es\/","name":"Stoam Saas B2B","description":"Nuestra soluci\u00f3n transforma tu ERP en un poderoso portal de comercio electr\u00f3nico B2B.","publisher":{"@id":"https:\/\/www.stoamsaas.com\/es\/#organization"},"potentialAction":[{"@type":"SearchAction","target":{"@type":"EntryPoint","urlTemplate":"https:\/\/www.stoamsaas.com\/es\/?s={search_term_string}"},"query-input":{"@type":"PropertyValueSpecification","valueRequired":true,"valueName":"search_term_string"}}],"inLanguage":"es"},{"@type":"Organization","@id":"https:\/\/www.stoamsaas.com\/es\/#organization","name":"Stoam Saas B2B","url":"https:\/\/www.stoamsaas.com\/es\/","logo":{"@type":"ImageObject","inLanguage":"es","@id":"https:\/\/www.stoamsaas.com\/es\/#\/schema\/logo\/image\/","url":"https:\/\/www.stoamsaas.com\/wp-content\/uploads\/2024\/01\/stoam-saas-logo.png","contentUrl":"https:\/\/www.stoamsaas.com\/wp-content\/uploads\/2024\/01\/stoam-saas-logo.png","width":636,"height":115,"caption":"Stoam Saas B2B"},"image":{"@id":"https:\/\/www.stoamsaas.com\/es\/#\/schema\/logo\/image\/"},"sameAs":["https:\/\/www.facebook.com\/stoamsaas","https:\/\/www.instagram.com\/stoamsaas","https:\/\/www.linkedin.com\/company\/stoam-saas"]}]}},"_links":{"self":[{"href":"https:\/\/www.stoamsaas.com\/es\/wp-json\/wp\/v2\/pages\/16073","targetHints":{"allow":["GET"]}}],"collection":[{"href":"https:\/\/www.stoamsaas.com\/es\/wp-json\/wp\/v2\/pages"}],"about":[{"href":"https:\/\/www.stoamsaas.com\/es\/wp-json\/wp\/v2\/types\/page"}],"author":[{"embeddable":true,"href":"https:\/\/www.stoamsaas.com\/es\/wp-json\/wp\/v2\/users\/8"}],"replies":[{"embeddable":true,"href":"https:\/\/www.stoamsaas.com\/es\/wp-json\/wp\/v2\/comments?post=16073"}],"version-history":[{"count":10,"href":"https:\/\/www.stoamsaas.com\/es\/wp-json\/wp\/v2\/pages\/16073\/revisions"}],"predecessor-version":[{"id":17392,"href":"https:\/\/www.stoamsaas.com\/es\/wp-json\/wp\/v2\/pages\/16073\/revisions\/17392"}],"wp:attachment":[{"href":"https:\/\/www.stoamsaas.com\/es\/wp-json\/wp\/v2\/media?parent=16073"}],"curies":[{"name":"wp","href":"https:\/\/api.w.org\/{rel}","templated":true}]}}